{"id":128,"date":"2015-11-25T23:14:57","date_gmt":"2015-11-25T22:14:57","guid":{"rendered":"http:\/\/foastek.fr\/?page_id=128"},"modified":"2020-06-19T15:47:40","modified_gmt":"2020-06-19T14:47:40","slug":"vos-representants","status":"publish","type":"page","link":"https:\/\/foastek.fr\/?page_id=128","title":{"rendered":"Contacts"},"content":{"rendered":"<h2><span style=\"color: #ff0000;\"><strong>Vos interlocuteurs syndicaux<\/strong><\/span><\/h2>\n\n<table id=\"tablepress-4\" class=\"tablepress tablepress-id-4\">\n<thead>\n<tr class=\"row-1\">\n\t<th class=\"column-1\">Contact<\/th><th class=\"column-2\">P\u00e9rim\u00e8tre<\/th><th class=\"column-3\">Email<\/th>\n<\/tr>\n<\/thead>\n<tbody class=\"row-striping row-hover\">\n<tr class=\"row-2\">\n\t<td class=\"column-1\">Christophe<\/td><td class=\"column-2\">National (toutes les r\u00e9gions, toutes les agences) et Grand-ouest<\/td><td class=\"column-3\"><a href=\"mailto:christophe@foastek.fr\" target=\"_blank\" rel=\"noopener\">christophe@foastek.fr<\/a><\/td>\n<\/tr>\n<tr class=\"row-3\">\n\t<td class=\"column-1\">Ayat<\/td><td class=\"column-2\">Grenoble<\/td><td class=\"column-3\"><a href=\"mailto:ayat@foastek.fr\" target=\"_blank\" rel=\"noopener\">ayat@foastek.fr<\/a><\/td>\n<\/tr>\n<tr class=\"row-4\">\n\t<td class=\"column-1\">Bruno<\/td><td class=\"column-2\">Aix-En-Provence, Marseille, Montpellier, Toulouse<\/td><td class=\"column-3\"><a href=\"mailto:bruno@foastek.fr\" target=\"_blank\" rel=\"noopener\">bruno@foastek.fr<\/a><\/td>\n<\/tr>\n<tr class=\"row-5\">\n\t<td class=\"column-1\">Ingrid<\/td><td class=\"column-2\">Annecy, Grenoble, Orl\u00e9ans, Strasbourg<\/td><td class=\"column-3\"><a href=\"mailto:ingrid@foastek.fr\" target=\"_blank\" rel=\"noopener\">ingrid@foastek.fr<\/a><\/td>\n<\/tr>\n<tr class=\"row-6\">\n\t<td class=\"column-1\">Fr\u00e9d\u00e9ric B<\/td><td class=\"column-2\">Aix-En-Provence, Antibes, Marseille, Sophia-Antipolis<\/td><td class=\"column-3\"><a href=\"mailto:frederic@foastek.fr\" target=\"_blank\" rel=\"noopener\">frederic@foastek.fr<\/a><\/td>\n<\/tr>\n<tr class=\"row-7\">\n\t<td class=\"column-1\">Fr\u00e9d\u00e9ric M<\/td><td class=\"column-2\">Clermont-Ferrand, Lyon<\/td><td class=\"column-3\"><a href=\"mailto:fredericm@foastek.fr\" target=\"_blank\" rel=\"noopener\">fredericm@foastek.fr<\/a><\/td>\n<\/tr>\n<tr class=\"row-8\">\n\t<td class=\"column-1\">Fr\u00e9d\u00e9ric V<\/td><td class=\"column-2\">Bordeaux, Ile-De-France, Lille<\/td><td class=\"column-3\"><a href=\"mailto:fredericv@foastek.fr\" target=\"_blank\" rel=\"noopener\">fredericv@foastek.fr<\/a><\/td>\n<\/tr>\n<tr class=\"row-9\">\n\t<td class=\"column-1\">Ma\u00efmouna<\/td><td class=\"column-2\">Ile-De-France<\/td><td class=\"column-3\"><a href=\"mailto:maimouna@foastek.fr\" target=\"_blank\" rel=\"noopener\">maimouna@foastek.fr<\/a><\/td>\n<\/tr>\n<tr class=\"row-10\">\n\t<td class=\"column-1\">Narcisse<\/td><td class=\"column-2\">Ile-De-France<\/td><td class=\"column-3\"><a href=\"mailto:narcisse@foastek.fr\" target=\"_blank\" rel=\"noopener\">narcisse@foastek.fr<\/a><\/td>\n<\/tr>\n<tr class=\"row-11\">\n\t<td class=\"column-1\">Nour<\/td><td class=\"column-2\">Repr\u00e9sentant syndical au CSE<\/td><td class=\"column-3\"><a href=\"mailto:nour@foastek.fr\" target=\"_blank\" rel=\"noopener\">nour@foastek.fr<\/a><\/td>\n<\/tr>\n<tr class=\"row-12\">\n\t<td class=\"column-1\">Rachid<\/td><td class=\"column-2\">Grenoble<\/td><td class=\"column-3\"><a href=\"mailto:rachid@foastek.fr\" target=\"_blank\" rel=\"noopener\">rachid@foastek.fr<\/a><\/td>\n<\/tr>\n<tr class=\"row-13\">\n\t<td class=\"column-1\">St\u00e9phanie<\/td><td class=\"column-2\">Ile de France, Lille<\/td><td class=\"column-3\"><a href=\"mailto:stephanie@foastek.fr\" target=\"_blank\" rel=\"noopener\">stephanie@foastek.fr<\/a><\/td>\n<\/tr>\n<tr class=\"row-14\">\n\t<td class=\"column-1\">Sylvain<\/td><td class=\"column-2\">Aix-En-Provence, Antibes, Marseille, Sophia-Antipolis<\/td><td class=\"column-3\"><a href=\"mailto:sylvain@foastek.fr\" target=\"_blank\" rel=\"noopener\">sylvain@foastek.fr<\/a><\/td>\n<\/tr>\n<tr class=\"row-15\">\n\t<td class=\"column-1\">Thierry<\/td><td class=\"column-2\">Aix-En-Provence, Antibes, Marseille, Sophia-Antipolis<\/td><td class=\"column-3\"><a href=\"mailto:thierry@foastek.fr\" target=\"_blank\" rel=\"noopener\">thierry@foastek.fr<\/a><\/td>\n<\/tr>\n<\/tbody>\n<\/table>\n<!-- #tablepress-4 from cache -->\n<p><\/p>\n<h2><span style=\"color: #ff0000;\"><strong>Qui sommes-nous ?<\/strong><\/span><\/h2>\n\n\n<p><strong><em><span class=\"has-inline-color has-vivid-red-color\">FO<\/span><\/em><\/strong>&nbsp;est un syndicat libre et ind\u00e9pendant \u00e0 l\u2019\u00e9gard du patronat, des gouvernements, des partis politiques et, de fa\u00e7on g\u00e9n\u00e9rale, de toute influence ext\u00e9rieure au syndicat.<\/p>\n\n\n\n<p>Toujours force de propositions pour am\u00e9liorer vos conditions de travail, nous ne sommes ni un syndicat d\u2019opposition qui dit non \u00e0 tout, ni un syndicat b\u00e9ni oui-oui.<\/p>\n\n\n\n<p>Notre volont\u00e9 : <strong>Agir pour une meilleure vie des salari\u00e9s dans l\u2019entreprise.<\/strong><\/p>\n\n\n\n<p>Nos valeurs : <strong>Aide, Conseil, Engagement, Ind\u00e9pendance, Respect, Solidarit\u00e9, Pers\u00e9v\u00e9rance<\/strong><\/p>\n\n\n\n<p>Adh\u00e9sion :<\/p>\n\n\n\n<p>Tu peux simplement adh\u00e9rer \u00e0 <strong><em><span class=\"has-inline-color has-vivid-red-color\">FO<\/span><\/em><\/strong>, sans prendre de responsabilit\u00e9 syndicale, ni d\u00e9voiler cette adh\u00e9sion, &#8230; et r\u00e9server tes votes au syndicat.<\/p>\n\n\n\n<p>Tu peux adh\u00e9rer \u00e0 <strong><em><span class=\"has-inline-color has-vivid-red-color\">FO<\/span><\/em><\/strong>, sans prendre de responsabilit\u00e9 syndicale, mais en affichant tes convictions comme relais dans ton agence.<\/p>\n\n\n\n<p>Tu peux adh\u00e9rer \u00e0 <strong><em><span class=\"has-inline-color has-vivid-red-color\">FO<\/span><\/em><\/strong>, et te pr\u00e9parer \u00e0 prendre une responsabilit\u00e9 syndicale ou au sein du Comit\u00e9 Social et Economique de l&rsquo;entreprise.<\/p>\n\n\n\n<p>Tout est possible ! &#8230; Mais \u00e0 quel co\u00fbt ? &#8230; Le co\u00fbt de l&rsquo;adh\u00e9sion est de l&rsquo;ordre de 200 \u20ac pour un cadre. En r\u00e9cup\u00e9rant 66% de la somme par cr\u00e9dit d&rsquo;imp\u00f4t sur le revenu, <strong>le co\u00fbt d&rsquo;adh\u00e9sion se limite \u00e0 environ 7 \u20ac par mois<\/strong>.<\/p>\n\n\n\n<p>Gr\u00e2ce \u00e0 cette adh\u00e9sion, tu peux suivre des <strong>formations syndicales<\/strong>, b\u00e9n\u00e9ficier des <strong>services de l&rsquo;AFOC<\/strong> (Association Force Ouvri\u00e8re Consommateurs), \u00e9changer avec des repr\u00e9sentants <strong><em><span class=\"has-inline-color has-vivid-red-color\">FO<\/span><\/em><\/strong> dans d&rsquo;autres soci\u00e9t\u00e9s &#8230;<\/p>\n\n\n\n<p><\/p>\n\n\n<h2><strong><span style=\"color: #ff0000;\">Nous contacter<\/span><\/strong><\/h2>\n\n\n<div class=\"wpcf7 no-js\" id=\"wpcf7-f1523-o1\" lang=\"fr-FR\" dir=\"ltr\" data-wpcf7-id=\"1523\">\n<div class=\"screen-reader-response\"><p role=\"status\" aria-live=\"polite\" aria-atomic=\"true\"><\/p> <ul><\/ul><\/div>\n<form action=\"\/index.php?rest_route=%2Fwp%2Fv2%2Fpages%2F128#wpcf7-f1523-o1\" method=\"post\" class=\"wpcf7-form init\" aria-label=\"Formulaire de contact\" novalidate=\"novalidate\" data-status=\"init\">\n<fieldset class=\"hidden-fields-container\"><input type=\"hidden\" name=\"_wpcf7\" value=\"1523\" \/><input type=\"hidden\" name=\"_wpcf7_version\" value=\"6.1.5\" \/><input type=\"hidden\" name=\"_wpcf7_locale\" value=\"fr_FR\" \/><input type=\"hidden\" name=\"_wpcf7_unit_tag\" value=\"wpcf7-f1523-o1\" \/><input type=\"hidden\" name=\"_wpcf7_container_post\" value=\"0\" \/><input type=\"hidden\" name=\"_wpcf7_posted_data_hash\" value=\"\" \/>\n<\/fieldset>\n<p><label> Votre nom \/ Your name (obligatoire)<br \/>\n<span class=\"wpcf7-form-control-wrap\" data-name=\"your-name\"><input size=\"40\" maxlength=\"400\" class=\"wpcf7-form-control wpcf7-text wpcf7-validates-as-required\" aria-required=\"true\" aria-invalid=\"false\" value=\"\" type=\"text\" name=\"your-name\" \/><\/span> <\/label>\n<\/p>\n<p><label> Votre adresse de messagerie \/ Your email (obligatoire)<br \/>\n<span class=\"wpcf7-form-control-wrap\" data-name=\"your-email\"><input size=\"40\" maxlength=\"400\" class=\"wpcf7-form-control wpcf7-email wpcf7-validates-as-required wpcf7-text wpcf7-validates-as-email\" aria-required=\"true\" aria-invalid=\"false\" value=\"\" type=\"email\" name=\"your-email\" \/><\/span> <\/label>\n<\/p>\n<p><label> Objet \/ Object (obligatoire)<br \/>\n<span class=\"wpcf7-form-control-wrap\" data-name=\"your-subject\"><input size=\"40\" maxlength=\"400\" class=\"wpcf7-form-control wpcf7-text wpcf7-validates-as-required\" aria-required=\"true\" aria-invalid=\"false\" value=\"\" type=\"text\" name=\"your-subject\" \/><\/span> <\/label>\n<\/p>\n<p><label> Votre message \/ Your message (obligatoire)<br \/>\n<span class=\"wpcf7-form-control-wrap\" data-name=\"your-message\"><textarea cols=\"40\" rows=\"10\" maxlength=\"2000\" class=\"wpcf7-form-control wpcf7-textarea wpcf7-validates-as-required\" aria-required=\"true\" aria-invalid=\"false\" name=\"your-message\"><\/textarea><\/span> <\/label>\n<\/p>\n<p>[wpcaptcha]\n<\/p>\n<p><input class=\"wpcf7-form-control wpcf7-submit has-spinner\" type=\"submit\" value=\"Envoyer\" \/>\n<\/p><p style=\"display: none !important;\" class=\"akismet-fields-container\" data-prefix=\"_wpcf7_ak_\"><label>&#916;<textarea name=\"_wpcf7_ak_hp_textarea\" cols=\"45\" rows=\"8\" maxlength=\"100\"><\/textarea><\/label><input type=\"hidden\" id=\"ak_js_1\" name=\"_wpcf7_ak_js\" value=\"213\"\/><script type=\"text\/javascript\">\n\/* <![CDATA[ *\/\ndocument.getElementById( \"ak_js_1\" ).setAttribute( \"value\", ( new Date() ).getTime() );\n\/* ]]> *\/\n<\/script>\n<\/p><div class=\"wpcf7-response-output\" aria-hidden=\"true\"><\/div>\n<\/form>\n<\/div>\n\n\n\n\n<p class=\"has-small-font-size\">Les informations recueillies sur ce formulaire ne sont pas enregistr\u00e9es dans un fichier informatis\u00e9 et ne subissent aucun traitement<strong>. <\/strong>Les donn\u00e9es d\u2019identification (nom, adresse de messagerie) nous permettent de vous identifier lors de la r\u00e9ception de votre message, sous forme e-mail, et ne sont utilis\u00e9es que pour r\u00e9pondre \u00e0 votre demande. <\/p>\n\n\n\n<p class=\"has-small-font-size\">La base l\u00e9gale du traitement est le consentement \u00e0 nous contacter et recevoir une r\u00e9ponse de notre part \u00e0 votre demande. <\/p>\n\n\n\n<p class=\"has-small-font-size\">Les donn\u00e9es collect\u00e9es via ce formulaire ne sont communiqu\u00e9es, sous forme e-mail, qu\u2019aux seuls responsables du traitement (Contacts du blog foastek.fr&nbsp;: <strong>focontact@foastek.fr<\/strong>) et ne sont communiqu\u00e9es \u00e0 aucun tiers<strong>. <\/strong><\/p>\n\n\n\n<p class=\"has-small-font-size\"><strong>Les donn\u00e9es ne sont conserv\u00e9es que pour archivage afin de justifier le traitement de votre demande.<\/strong> <\/p>\n\n\n\n<p class=\"has-small-font-size\">Vous pouvez acc\u00e9der aux donn\u00e9es vous concernant, les rectifier, demander leur effacement ou exercer votre droit \u00e0 la limitation du traitement de vos donn\u00e9es. Consultez le site&nbsp;cnil.fr pour plus d\u2019informations sur vos droits. <\/p>\n\n\n\n<p class=\"has-small-font-size\">Pour exercer ces droits ou pour toute question sur le traitement de vos donn\u00e9es dans ce dispositif, vous pouvez contacter&nbsp;<strong>:<a href=\"mailto:foadmin@foastek.fr\">foadmin@foastek.fr<\/a> <\/strong><\/p>\n\n\n\n<p class=\"has-small-font-size\">Si vous estimez, apr\u00e8s nous avoir contact\u00e9s, que vos droits \u00ab&nbsp;Informatique et Libert\u00e9s&nbsp;\u00bb ne sont pas respect\u00e9s, vous pouvez adresser une r\u00e9clamation \u00e0 la CNIL.<\/p>\n","protected":false},"excerpt":{"rendered":"<div class=\"mh-excerpt\"><p>Vos interlocuteurs syndicaux Qui sommes-nous ? FO&nbsp;est un syndicat libre et ind\u00e9pendant \u00e0 l\u2019\u00e9gard du patronat, des gouvernements, des partis politiques et, de fa\u00e7on g\u00e9n\u00e9rale, <a class=\"mh-excerpt-more\" href=\"https:\/\/foastek.fr\/?page_id=128\" title=\"Contacts\">[&#8230;]<\/a><\/p>\n<\/div>","protected":false},"author":1,"featured_media":0,"parent":0,"menu_order":0,"comment_status":"closed","ping_status":"closed","template":"","meta":{"h5ap_radio_sources":[],"jetpack_post_was_ever_published":false,"footnotes":""},"class_list":["post-128","page","type-page","status-publish","hentry"],"jetpack_sharing_enabled":true,"jetpack_shortlink":"https:\/\/wp.me\/P77E1E-24","jetpack-related-posts":[],"_links":{"self":[{"href":"https:\/\/foastek.fr\/index.php?rest_route=\/wp\/v2\/pages\/128","targetHints":{"allow":["GET"]}}],"collection":[{"href":"https:\/\/foastek.fr\/index.php?rest_route=\/wp\/v2\/pages"}],"about":[{"href":"https:\/\/foastek.fr\/index.php?rest_route=\/wp\/v2\/types\/page"}],"author":[{"embeddable":true,"href":"https:\/\/foastek.fr\/index.php?rest_route=\/wp\/v2\/users\/1"}],"replies":[{"embeddable":true,"href":"https:\/\/foastek.fr\/index.php?rest_route=%2Fwp%2Fv2%2Fcomments&post=128"}],"version-history":[{"count":25,"href":"https:\/\/foastek.fr\/index.php?rest_route=\/wp\/v2\/pages\/128\/revisions"}],"predecessor-version":[{"id":1822,"href":"https:\/\/foastek.fr\/index.php?rest_route=\/wp\/v2\/pages\/128\/revisions\/1822"}],"wp:attachment":[{"href":"https:\/\/foastek.fr\/index.php?rest_route=%2Fwp%2Fv2%2Fmedia&parent=128"}],"curies":[{"name":"wp","href":"https:\/\/api.w.org\/{rel}","templated":true}]}}