{"id":14,"date":"2014-07-11T16:00:03","date_gmt":"2014-07-11T15:00:03","guid":{"rendered":"http:\/\/foastek.fr\/?page_id=14"},"modified":"2023-04-21T08:38:59","modified_gmt":"2023-04-21T07:38:59","slug":"a-propos","status":"publish","type":"page","link":"https:\/\/foastek.fr\/?page_id=14","title":{"rendered":"Abonnement"},"content":{"rendered":"\n<iframe data-w-type=\"embedded\" frameborder=\"0\" scrolling=\"no\" marginheight=\"0\" marginwidth=\"0\" src=\"https:\/\/76nh.mjt.lu\/wgt\/76nh\/5h6\/form?c=12ece45c\" width=\"100%\"><\/iframe>\n\n<script type=\"text\/javascript\" src=\"https:\/\/app.mailjet.com\/pas-nc-embedded-v1.js\"><\/script>\n\n\n\n\n<p class=\"has-small-font-size\">Les informations recueillies sur ce formulaire sont enregistr\u00e9es dans un fichier informatis\u00e9 par&nbsp;notre solution de mailing sous-trait\u00e9e \u00e0 Mailjet, solution certifi\u00e9e conforme au RGPD par l\u2019AFNOR<strong>, &nbsp;afin de vous abonner \u00e0 notre newsletter et vous informer des communications publi\u00e9es sur notre site syndical. <\/strong>Les donn\u00e9es d\u2019identification (nom, pr\u00e9nom, agence) nous permettent de v\u00e9rifier votre appartenance \u00e0 l\u2019entreprise Groupe Astek afin de recevoir les communications destin\u00e9es aux seuls salari\u00e9s de cette entreprise. <\/p>\n\n\n\n<p class=\"has-small-font-size\">La base l\u00e9gale du traitement est le consentement \u00e0 recevoir notre newsletter. <\/p>\n\n\n\n<p class=\"has-small-font-size\">Les donn\u00e9es collect\u00e9es via ce formulaire ne sont communiqu\u00e9es qu\u2019aux seuls responsables du traitement (Administrateurs du blog foastek.fr&nbsp;: <strong>foadmin@foastek.fr<\/strong>) et ne sont communiqu\u00e9es \u00e0 aucun tiers<strong>. <\/strong><\/p>\n\n\n\n<p class=\"has-small-font-size\"><strong>Les donn\u00e9es ne sont conserv\u00e9es que pour la dur\u00e9e de votre abonnement \u00e0 notre newsletter<\/strong>, soit<strong> jusqu\u2019\u00e0 volont\u00e9 manifeste de votre part&nbsp; de vous d\u00e9sabonner \u00e0 notre newsletter via le lien ins\u00e9r\u00e9 dans nos communications (ou en nous contactant \u00e0 l\u2019adresse <a href=\"mailto:foadmin@foastek.fr\">foadmin@foastek.fr<\/a>) ou de voire supprim\u00e9es vos donn\u00e9es personnelles de nos donn\u00e9es . <\/strong>Les abonn\u00e9s de&nbsp; l\u2019entreprise Groupe Astek sont d\u00e9sabonn\u00e9s implicitement des communications relatives \u00e0 l\u2019entreprise du fait de leur d\u00e9part de l\u2019entreprise et au plus tard dans le&nbsp; mois qui suit la connaissance de leur d\u00e9part (sous r\u00e9serve donc d\u2019\u00eatre inform\u00e9 par l\u2019entreprise ou par vous-m\u00eame). <\/p>\n\n\n\n<p class=\"has-small-font-size\">Vous pouvez acc\u00e9der aux donn\u00e9es vous concernant, les rectifier, demander leur effacement ou exercer votre droit \u00e0 la limitation du traitement de vos donn\u00e9es. Consultez le site&nbsp;cnil.fr pour plus d\u2019informations sur vos droits. <\/p>\n\n\n\n<p class=\"has-small-font-size\">Pour exercer ces droits ou pour toute question sur le traitement de vos donn\u00e9es dans ce dispositif, vous pouvez contacter&nbsp;<strong>:<a href=\"mailto:foadmin@foastek.fr\">foadmin@foastek.fr<\/a> <\/strong><\/p>\n\n\n\n<p class=\"has-small-font-size\">Si vous estimez, apr\u00e8s nous avoir contact\u00e9s, que vos droits \u00ab&nbsp;Informatique et Libert\u00e9s&nbsp;\u00bb ne sont pas respect\u00e9s, vous pouvez adresser une r\u00e9clamation \u00e0 la CNIL.<\/p>\n","protected":false},"excerpt":{"rendered":"<div class=\"mh-excerpt\"><p>Les informations recueillies sur ce formulaire sont enregistr\u00e9es dans un fichier informatis\u00e9 par&nbsp;notre solution de mailing sous-trait\u00e9e \u00e0 Mailjet, solution certifi\u00e9e conforme au RGPD par <a class=\"mh-excerpt-more\" href=\"https:\/\/foastek.fr\/?page_id=14\" title=\"Abonnement\">[&#8230;]<\/a><\/p>\n<\/div>","protected":false},"author":1,"featured_media":0,"parent":0,"menu_order":0,"comment_status":"closed","ping_status":"closed","template":"","meta":{"h5ap_radio_sources":[],"jetpack_post_was_ever_published":false,"footnotes":""},"class_list":["post-14","page","type-page","status-publish","hentry"],"jetpack_sharing_enabled":true,"jetpack_shortlink":"https:\/\/wp.me\/P77E1E-e","jetpack-related-posts":[],"_links":{"self":[{"href":"https:\/\/foastek.fr\/index.php?rest_route=\/wp\/v2\/pages\/14","targetHints":{"allow":["GET"]}}],"collection":[{"href":"https:\/\/foastek.fr\/index.php?rest_route=\/wp\/v2\/pages"}],"about":[{"href":"https:\/\/foastek.fr\/index.php?rest_route=\/wp\/v2\/types\/page"}],"author":[{"embeddable":true,"href":"https:\/\/foastek.fr\/index.php?rest_route=\/wp\/v2\/users\/1"}],"replies":[{"embeddable":true,"href":"https:\/\/foastek.fr\/index.php?rest_route=%2Fwp%2Fv2%2Fcomments&post=14"}],"version-history":[{"count":16,"href":"https:\/\/foastek.fr\/index.php?rest_route=\/wp\/v2\/pages\/14\/revisions"}],"predecessor-version":[{"id":4420,"href":"https:\/\/foastek.fr\/index.php?rest_route=\/wp\/v2\/pages\/14\/revisions\/4420"}],"wp:attachment":[{"href":"https:\/\/foastek.fr\/index.php?rest_route=%2Fwp%2Fv2%2Fmedia&parent=14"}],"curies":[{"name":"wp","href":"https:\/\/api.w.org\/{rel}","templated":true}]}}